{"id":284,"date":"2021-10-21T14:24:54","date_gmt":"2021-10-21T13:24:54","guid":{"rendered":"https:\/\/shop.campoblenio.ch\/?page_id=284"},"modified":"2021-10-21T14:46:35","modified_gmt":"2021-10-21T13:46:35","slug":"termini-e-condizioni","status":"publish","type":"page","link":"https:\/\/staging.campoblenio.ch\/index.php\/termini-e-condizioni\/","title":{"rendered":"Termini e condizioni"},"content":{"rendered":"<p>[vc_row][vc_column][vc_column_text]<strong>DESCRIZIONE<br \/>\n<\/strong>Le condizioni generali di seguito descritte regolano l\u2019acquisto mediante il sito web sho.campoblenio.ch\u00a0(di seguito, il \u201cSito\u201d) di titoli d\u2019ingresso (di seguito, \u201cTitoli d\u2019ingresso\u201d o \u201cBiglietti\u201d) alla stazione sciistica di Campo Blenio.<\/p>\n<p>&nbsp;<\/p>\n<p><strong>INFORMAZIONI AL CLIENTE<br \/>\n<\/strong>La Societ\u00e0 Cooperativa Impianti Turistici Campo Blenio-Ghirone si riserva la facolt\u00e0 di modificare\/adeguare le informazioni e i prezzi dei titoli d\u2019ingresso, anche senza alcun preavviso. L\u2019eventuale minor prezzo indicato, che dopo l\u2019avvenuto acquisto da parte del Cliente, fosse applicato dalla Societ\u00e0 Cooperativa Impianti Turistici Campo Blenio-Ghirone\u00a0ai titoli d\u2019ingresso della medesima tipologia acquistati, non far\u00e0 sorgere alcun diritto di rimborso della differenza corrisposta.<\/p>\n<p>Le presenti Condizioni Generali di Vendita possono essere modificate in ogni momento. Eventuali modifiche saranno in vigore dal momento della loro pubblicazione sul Sito nella sezione \u201cTermini e Condizioni\u201d. I Clienti sono pertanto invitati ad accedere regolarmente al Sito e a consultare, prima di effettuare qualsiasi acquisto, la versione pi\u00f9 aggiornata delle Condizioni Generali di Vendita.<\/p>\n<p>&nbsp;<\/p>\n<p><strong>ACQUISTO SUL SITO<br \/>\n<\/strong><strong>Le diverse tipologie di titoli d\u2019ingresso sono esibite direttamente sul Sito; il Cliente potr\u00e0 visionarle prima di procedere con l\u2019acquisto stesso.<\/strong>\u00a0<strong>Per portare a termine l\u2019acquisto del Titolo d\u2019ingresso attraverso il Sito, il Cliente dovr\u00e0 compilare un modulo d\u2019ordine in formato elettronico che sar\u00e0 inoltrato direttamente a Societ\u00e0 Cooperativa Impianti Turistici Campo Blenio-Ghirone, seguendo la procedura guidata che di volta in volta comparir\u00e0 sul sito.\u00a0<\/strong><strong>Prima dell\u2019invio del modulo, al Cliente sar\u00e0 chiesto di dare conferma della correttezza dei dati inseriti ed eventualmente in caso di errori potr\u00e0 prontamente correggerli; inoltre qualora il sistema rilevasse eventuali errori connessi all\u2019omessa indicazione di campi obbligatori nel modulo, lo segnaler\u00e0 in automatico.\u00a0<\/strong><strong>A questo punto il cliente potr\u00e0 procedere al pagamento secondo le modalit\u00e0 descritte al successivo punto.<\/strong><\/p>\n<p>La\u00a0Societ\u00e0 Cooperativa Impianti Turistici Campo Blenio-Ghirone\u00a0invier\u00e0 al cliente un\u2019e-mail riepilogativa dell\u2019acquisto effettuato, ossia la conferma d\u2019ordine e in allegato verr\u00e0 inviato il titolo d\u2019ingresso acquistato.\u00a0Il modulo d\u2019ordine sar\u00e0 recepito dalla Societ\u00e0 Cooperativa Impianti Turistici Campo Blenio-Ghirone solo ai fini della corretta conclusione della procedura d\u2019acquisto, tuttavia non sar\u00e0 archiviato in alcuna sua banca dati.\u00a0L\u2019acquisto dei Titoli di ingresso sul Sito \u00e8 consentito solo a condizione che i Clienti abbiamo compiuto gli anni 18.\u00a0La Societ\u00e0 Cooperativa Impianti Turistici Campo Blenio-Ghirone\u00a0si riserva il diritto di rifiutare o cancellare ordini che provengano da un utente con cui essa abbia in corso un contenzioso legale; da un utente che abbia in precedenza violato le presenti Condizioni Generali e\/o le condizioni e\/o i termini del Contratto; da un utente che sia stato coinvolto in frodi di qualsiasi tipo e, in particolare, in frodi relative a pagamenti con carta di credito, o bagarinaggio; da utenti che abbiamo rilasciato dati identificativi falsi, inventati, di fantasia, incompleti o comunque inesatti e\/o in qualsiasi modo non corrispondenti al vero.<\/p>\n<p>&nbsp;<\/p>\n<p><strong>MODALIT\u00c0 DI PAGAMENTO<br \/>\n<\/strong>La Societ\u00e0 Cooperativa Impianti Turistici Campo Blenio-Ghironeaccetta le seguenti forme di pagamento: Twint, Bonifico Bancario.\u00a0L\u2019addebito del totale dovuto dovr\u00e0 essere eseguito al momento della trasmissione dell\u2019ordine a conclusione della procedura di pagamento. <strong>Alla fine della transazione, il Cliente ricever\u00e0 un\u2019e-mail di conferma dell\u2019avvenuto pagamento, andato a buon fine.<br \/>\n<\/strong><br \/>\nQualora fosse negata l\u2019autorizzazione al pagamento, la Societ\u00e0 Cooperativa Impianti Turistici Campo Blenio-Ghirone\u00a0non potr\u00e0 inviare i titoli d\u2019ingresso e non sar\u00e0 responsabile per un eventuale ritardo o per una mancata consegna.\u00a0Si precisa che il biglietto non \u00e8 in alcun caso e modo duplicabile, non saranno accettate copie stampate di biglietti che risultino gi\u00e0 convalidati.\u00a0I prezzi presenti all\u2019interno del sito sono indicati in franchi svizzeri (CHF) e sono comprensivi di IVA.<\/p>\n<p><strong>I biglietti d\u2019ingresso sono nominali e sono dunque non trasferibili. La validit\u00e0 \u00e8 indicata sul biglietto.\u00a0<\/strong><strong>In caso di chiusure straordinarie, la scadenza dei biglietti acquistati online verr\u00e0 prolungata per lo stesso periodo di chiusura dell\u2019esercizio.<\/strong><\/p>\n<p>&nbsp;<\/p>\n<p><strong>RESPONSABILIT\u00c0 E DIVIETI<br \/>\n<\/strong>Il Cliente prende atto e accetta che in tutti i casi di eventuale interruzione o sospensione del Sito, a qualsiasi causa imputabile, la Societ\u00e0 Cooperativa Impianti Turistici Campo Blenio-Ghirone\u00a0non sar\u00e0 in alcun modo responsabile nei confronti dell\u2019acquirente e\/o di terzi per il mancato utilizzo e godimento dello stesso, del quale non garantisce la continuit\u00e0; conseguentemente il Cliente prende atto e accetta che non potr\u00e0 svolgere nei confronti della Societ\u00e0 Cooperativa Impianti Turistici Campo Blenio-Ghirone\u00a0alcuna richiesta di indennizzo e\/o di risarcimento del danno.\u00a0Titoli d\u2019ingresso non possono essere rivenduti a titolo oneroso.<\/p>\n<p>&nbsp;<\/p>\n<p><strong>ESCLUSIONE DEL DIRITTO DI RECESSO<br \/>\n<\/strong>La Societ\u00e0 Cooperativa Impianti Turistici Campo Blenio-Ghirone\u00a0desidera informare il Cliente che, trattandosi di fornitura di servizi riguardanti le attivit\u00e0 del tempo libero con periodo di esecuzione specifica, non trova applicazione il diritto di recesso.\u00a0Il Cliente pertanto non potr\u00e0 esercitare alcun diritto di recesso sull\u2019acquisto di qualsiasi titolo d\u2019ingresso.<\/p>\n<p>&nbsp;<\/p>\n<p><strong>PRIVACY<br \/>\n<\/strong>La tutela e il trattamento dei dati personali avverranno in conformit\u00e0 all\u2019Informativa Privacy.<\/p>\n<p>&nbsp;<\/p>\n<p><strong>LEGGE APPLICABILE E FORO COMPETENTE<br \/>\n<\/strong>Le presenti Condizioni e tutte le controversie riguardanti l\u2019esecuzione, interpretazione e validit\u00e0 sono soggette alla legge svizzera e alla competenza esclusiva del Tribunale di Lugano.<\/p>\n<p>&nbsp;<\/p>\n<p><strong>CONSIDERAZIONI FINALI<br \/>\n<\/strong>L\u2019Utente s\u2019impegna a prendere visione, prima di procedere alla conferma del proprio ordine, delle presenti condizioni generali di vendita. Una volta selezionato il prodotto e confermato il relativo pagamento queste si intenderanno automaticamente comprese, accettate e sottoscritte.<\/p>\n<p>&nbsp;<\/p>\n<p><strong>CONTATTACI<br \/>\n<\/strong>Non esitare a contattarci, inviaci un messaggio: il nostro obiettivo \u00e8 rispondere entro 24 ore.\u00a0Scrivi a impianti@campoblenio.ch[\/vc_column_text][\/vc_column][\/vc_row]<\/p>\n","protected":false},"excerpt":{"rendered":"<p>[vc_row][vc_column][vc_column_text]DESCRIZIONE Le condizioni generali di seguito descritte regolano l\u2019acquisto mediante il sito web sho.campoblenio.ch\u00a0(di seguito, il \u201cSito\u201d) di titoli d\u2019ingresso (di seguito, \u201cTitoli d\u2019ingresso\u201d o \u201cBiglietti\u201d) alla stazione sciistica di Campo Blenio. &nbsp; INFORMAZIONI AL CLIENTE La Societ\u00e0 Cooperativa Impianti&#8230;<\/p>\n","protected":false},"author":1,"featured_media":0,"parent":0,"menu_order":0,"comment_status":"closed","ping_status":"closed","template":"","meta":{"footnotes":""},"class_list":["post-284","page","type-page","status-publish","hentry"],"yoast_head":"<!-- This site is optimized with the Yoast SEO plugin v17.4 - https:\/\/yoast.com\/wordpress\/plugins\/seo\/ -->\n<title>Termini e condizioni - SHOP.CAMPOBLENIO.CH<\/title>\n<meta name=\"robots\" content=\"index, follow, max-snippet:-1, max-image-preview:large, max-video-preview:-1\" \/>\n<link rel=\"canonical\" href=\"https:\/\/staging.campoblenio.ch\/index.php\/termini-e-condizioni\/\" \/>\n<meta property=\"og:locale\" content=\"it_IT\" \/>\n<meta property=\"og:type\" content=\"article\" \/>\n<meta property=\"og:title\" content=\"Termini e condizioni - SHOP.CAMPOBLENIO.CH\" \/>\n<meta property=\"og:description\" content=\"[vc_row][vc_column][vc_column_text]DESCRIZIONE Le condizioni generali di seguito descritte regolano l\u2019acquisto mediante il sito web sho.campoblenio.ch\u00a0(di seguito, il \u201cSito\u201d) di titoli d\u2019ingresso (di seguito, \u201cTitoli d\u2019ingresso\u201d o \u201cBiglietti\u201d) alla stazione sciistica di Campo Blenio. &nbsp; INFORMAZIONI AL CLIENTE La Societ\u00e0 Cooperativa Impianti...\" \/>\n<meta property=\"og:url\" content=\"https:\/\/staging.campoblenio.ch\/index.php\/termini-e-condizioni\/\" \/>\n<meta property=\"og:site_name\" content=\"SHOP.CAMPOBLENIO.CH\" \/>\n<meta property=\"article:modified_time\" content=\"2021-10-21T13:46:35+00:00\" \/>\n<meta name=\"twitter:card\" content=\"summary_large_image\" \/>\n<meta name=\"twitter:label1\" content=\"Tempo di lettura stimato\" \/>\n\t<meta name=\"twitter:data1\" content=\"4 minuti\" \/>\n<script type=\"application\/ld+json\" class=\"yoast-schema-graph\">{\"@context\":\"https:\/\/schema.org\",\"@graph\":[{\"@type\":\"WebSite\",\"@id\":\"https:\/\/staging.campoblenio.ch\/#website\",\"url\":\"https:\/\/staging.campoblenio.ch\/\",\"name\":\"SHOP.CAMPOBLENIO.CH\",\"description\":\"Partecipa agli eventi di Campo Blenio\",\"potentialAction\":[{\"@type\":\"SearchAction\",\"target\":{\"@type\":\"EntryPoint\",\"urlTemplate\":\"https:\/\/staging.campoblenio.ch\/?s={search_term_string}\"},\"query-input\":\"required name=search_term_string\"}],\"inLanguage\":\"it-IT\"},{\"@type\":\"WebPage\",\"@id\":\"https:\/\/staging.campoblenio.ch\/index.php\/termini-e-condizioni\/#webpage\",\"url\":\"https:\/\/staging.campoblenio.ch\/index.php\/termini-e-condizioni\/\",\"name\":\"Termini e condizioni - SHOP.CAMPOBLENIO.CH\",\"isPartOf\":{\"@id\":\"https:\/\/staging.campoblenio.ch\/#website\"},\"datePublished\":\"2021-10-21T13:24:54+00:00\",\"dateModified\":\"2021-10-21T13:46:35+00:00\",\"breadcrumb\":{\"@id\":\"https:\/\/staging.campoblenio.ch\/index.php\/termini-e-condizioni\/#breadcrumb\"},\"inLanguage\":\"it-IT\",\"potentialAction\":[{\"@type\":\"ReadAction\",\"target\":[\"https:\/\/staging.campoblenio.ch\/index.php\/termini-e-condizioni\/\"]}]},{\"@type\":\"BreadcrumbList\",\"@id\":\"https:\/\/staging.campoblenio.ch\/index.php\/termini-e-condizioni\/#breadcrumb\",\"itemListElement\":[{\"@type\":\"ListItem\",\"position\":1,\"name\":\"Home\",\"item\":\"https:\/\/staging.campoblenio.ch\/\"},{\"@type\":\"ListItem\",\"position\":2,\"name\":\"Termini e condizioni\"}]}]}<\/script>\n<!-- \/ Yoast SEO plugin. -->","yoast_head_json":{"title":"Termini e condizioni - SHOP.CAMPOBLENIO.CH","robots":{"index":"index","follow":"follow","max-snippet":"max-snippet:-1","max-image-preview":"max-image-preview:large","max-video-preview":"max-video-preview:-1"},"canonical":"https:\/\/staging.campoblenio.ch\/index.php\/termini-e-condizioni\/","og_locale":"it_IT","og_type":"article","og_title":"Termini e condizioni - SHOP.CAMPOBLENIO.CH","og_description":"[vc_row][vc_column][vc_column_text]DESCRIZIONE Le condizioni generali di seguito descritte regolano l\u2019acquisto mediante il sito web sho.campoblenio.ch\u00a0(di seguito, il \u201cSito\u201d) di titoli d\u2019ingresso (di seguito, \u201cTitoli d\u2019ingresso\u201d o \u201cBiglietti\u201d) alla stazione sciistica di Campo Blenio. &nbsp; INFORMAZIONI AL CLIENTE La Societ\u00e0 Cooperativa Impianti...","og_url":"https:\/\/staging.campoblenio.ch\/index.php\/termini-e-condizioni\/","og_site_name":"SHOP.CAMPOBLENIO.CH","article_modified_time":"2021-10-21T13:46:35+00:00","twitter_card":"summary_large_image","twitter_misc":{"Tempo di lettura stimato":"4 minuti"},"schema":{"@context":"https:\/\/schema.org","@graph":[{"@type":"WebSite","@id":"https:\/\/staging.campoblenio.ch\/#website","url":"https:\/\/staging.campoblenio.ch\/","name":"SHOP.CAMPOBLENIO.CH","description":"Partecipa agli eventi di Campo Blenio","potentialAction":[{"@type":"SearchAction","target":{"@type":"EntryPoint","urlTemplate":"https:\/\/staging.campoblenio.ch\/?s={search_term_string}"},"query-input":"required name=search_term_string"}],"inLanguage":"it-IT"},{"@type":"WebPage","@id":"https:\/\/staging.campoblenio.ch\/index.php\/termini-e-condizioni\/#webpage","url":"https:\/\/staging.campoblenio.ch\/index.php\/termini-e-condizioni\/","name":"Termini e condizioni - SHOP.CAMPOBLENIO.CH","isPartOf":{"@id":"https:\/\/staging.campoblenio.ch\/#website"},"datePublished":"2021-10-21T13:24:54+00:00","dateModified":"2021-10-21T13:46:35+00:00","breadcrumb":{"@id":"https:\/\/staging.campoblenio.ch\/index.php\/termini-e-condizioni\/#breadcrumb"},"inLanguage":"it-IT","potentialAction":[{"@type":"ReadAction","target":["https:\/\/staging.campoblenio.ch\/index.php\/termini-e-condizioni\/"]}]},{"@type":"BreadcrumbList","@id":"https:\/\/staging.campoblenio.ch\/index.php\/termini-e-condizioni\/#breadcrumb","itemListElement":[{"@type":"ListItem","position":1,"name":"Home","item":"https:\/\/staging.campoblenio.ch\/"},{"@type":"ListItem","position":2,"name":"Termini e condizioni"}]}]}},"_links":{"self":[{"href":"https:\/\/staging.campoblenio.ch\/index.php\/wp-json\/wp\/v2\/pages\/284","targetHints":{"allow":["GET"]}}],"collection":[{"href":"https:\/\/staging.campoblenio.ch\/index.php\/wp-json\/wp\/v2\/pages"}],"about":[{"href":"https:\/\/staging.campoblenio.ch\/index.php\/wp-json\/wp\/v2\/types\/page"}],"author":[{"embeddable":true,"href":"https:\/\/staging.campoblenio.ch\/index.php\/wp-json\/wp\/v2\/users\/1"}],"replies":[{"embeddable":true,"href":"https:\/\/staging.campoblenio.ch\/index.php\/wp-json\/wp\/v2\/comments?post=284"}],"version-history":[{"count":3,"href":"https:\/\/staging.campoblenio.ch\/index.php\/wp-json\/wp\/v2\/pages\/284\/revisions"}],"predecessor-version":[{"id":303,"href":"https:\/\/staging.campoblenio.ch\/index.php\/wp-json\/wp\/v2\/pages\/284\/revisions\/303"}],"wp:attachment":[{"href":"https:\/\/staging.campoblenio.ch\/index.php\/wp-json\/wp\/v2\/media?parent=284"}],"curies":[{"name":"wp","href":"https:\/\/api.w.org\/{rel}","templated":true}]}}